{"id":37,"date":"2013-02-11T15:01:38","date_gmt":"2013-02-11T14:01:38","guid":{"rendered":"http:\/\/www.ge-sagt.de\/?page_id=37"},"modified":"2016-10-25T14:06:21","modified_gmt":"2016-10-25T12:06:21","slug":"blogroll","status":"publish","type":"page","link":"https:\/\/www.ge-sagt.de\/index.php\/blogroll\/","title":{"rendered":"Blogroll"},"content":{"rendered":"<p>Das sind die Blogs, die ich selbst am liebsten Lese. Die Auflistung wird regelm\u00e4\u00dfig aktualisiert!<br \/>\nUnd wenn Ihr Tipps f\u00fcr tolle Blogs habt &#8211; dann nur her damit!<\/p>\n<ul>\n<li>\n<h4><strong><a title=\"TiTaToni\" href=\"http:\/\/titatoni.blogspot.de\" target=\"_blank\">titatoni<\/a><\/strong><\/h4>\n<\/li>\n<li>\n<h4><strong><a title=\"Steffis Ohhh...Mhhh...\" href=\"http:\/\/www.ohhhmhhh.de\/\" target=\"_blank\">Ohhh&#8230;Mhhh&#8230;<\/a><\/strong><\/h4>\n<\/li>\n<li>\n<h4><strong><a title=\"was eigenes\" href=\"http:\/\/www.waseigenes.com\" target=\"_blank\">was eigenes<\/a><\/strong><\/h4>\n<\/li>\n<li>\n<h4><strong><a title=\"sodapop-design\" href=\"http:\/\/sodapop-design.de\/\" target=\"_blank\">sodapop-design<\/a><\/strong><\/h4>\n<\/li>\n<li>\n<h4><strong><a title=\"frauLIEBSTES\" href=\"http:\/\/www.frau-liebstes.com\/\" target=\"_blank\">frauLIEBSTES<\/a><\/strong><\/h4>\n<\/li>\n<li>\n<h4><strong><a title=\"Backbube\" href=\"http:\/\/www.backbube.com\/\" target=\"_blank\">Backbube<\/a><\/strong><\/h4>\n<\/li>\n<li><strong><a title=\"tastesheriff\" href=\"http:\/\/www.tastesheriff.com\/\" target=\"_blank\">tastesheriff<\/a><\/strong><\/li>\n<\/ul>\n<ul>\n<li><strong><a title=\"a Beautyful Mess\" href=\"http:\/\/www.abeautifulmess.com\/\" target=\"_blank\">a Beautyful Mess<\/a><\/strong><\/li>\n<\/ul>\n<ul>\n<li><strong><a title=\"Fr\u00e4ulein Klein\" href=\"http:\/\/fraeulein-klein.blogspot.de\/\" target=\"_blank\">Fr\u00e4ulein Klein<\/a><\/strong><\/li>\n<\/ul>\n<ul>\n<li><strong><a href=\"http:\/\/das-tuten-der-schiffe.blogspot.de\/\" target=\"_blank\">das Tuten der Schiffe<\/a><\/strong><\/li>\n<\/ul>\n<ul>\n<li><strong><a href=\"http:\/\/23qmstil.blogspot.de\/\" target=\"_blank\">23 qm Stil<\/a><\/strong><\/li>\n<\/ul>\n<ul>\n<li><strong><a href=\"http:\/\/my%20cooking%20love%20affair\" target=\"_blank\">my cooking love affair<\/a><\/strong><\/li>\n<\/ul>\n<ul>\n<li><strong><a title=\"eine prise liebe\" href=\"http:\/\/jessicarathsack.wordpress.com\/\" target=\"_blank\">eine Prise Liebe<\/a><\/strong><\/li>\n<\/ul>\n<ul>\n<li><strong><a title=\"der blasse Schimmer\" href=\"http:\/\/www.der-blasse-schimmer.de\/\" target=\"_blank\">der blasse Schimmer<\/a><\/strong><\/li>\n<\/ul>\n<ul>\n<li><strong><a title=\"Texterella\" href=\"http:\/\/www.texterella.de\/\" target=\"_blank\">Texterella<\/a><\/strong><\/li>\n<\/ul>\n<ul>\n<li><strong><a title=\"Moeys Kitchen\" href=\"http:\/\/www.moeyskitchen.com\/\" target=\"_blank\">Moeys Kitchen<\/a><\/strong><\/li>\n<\/ul>\n<p><strong>\u00a0<\/strong><\/p>\n<p>&nbsp;<\/p>\n","protected":false},"excerpt":{"rendered":"<p>Das sind die Blogs, die ich selbst am liebsten Lese. Die Auflistung wird regelm\u00e4\u00dfig aktualisiert! Und wenn Ihr Tipps f\u00fcr tolle Blogs habt &#8211; dann nur her damit! titatoni Ohhh&#8230;Mhhh&#8230; was eigenes sodapop-design frauLIEBSTES Backbube tastesheriff a Beautyful Mess Fr\u00e4ulein Klein das Tuten der Schiffe 23 qm Stil my cooking love affair eine Prise Liebe [&hellip;]<\/p>\n","protected":false},"author":1,"featured_media":0,"parent":0,"menu_order":0,"comment_status":"open","ping_status":"open","template":"","meta":{"jetpack_post_was_ever_published":false,"footnotes":""},"class_list":["post-37","page","type-page","status-publish","hentry"],"yoast_head":"<!-- This site is optimized with the Yoast SEO plugin v27.5 - https:\/\/yoast.com\/product\/yoast-seo-wordpress\/ -->\n<title>Blogroll - ge-sagt.de<\/title>\n<meta name=\"robots\" content=\"index, follow, max-snippet:-1, max-image-preview:large, max-video-preview:-1\" \/>\n<link rel=\"canonical\" href=\"https:\/\/www.ge-sagt.de\/index.php\/blogroll\/\" \/>\n<meta property=\"og:locale\" content=\"de_DE\" \/>\n<meta property=\"og:type\" content=\"article\" \/>\n<meta property=\"og:title\" content=\"Blogroll - ge-sagt.de\" \/>\n<meta property=\"og:description\" content=\"Das sind die Blogs, die ich selbst am liebsten Lese. Die Auflistung wird regelm\u00e4\u00dfig aktualisiert! Und wenn Ihr Tipps f\u00fcr tolle Blogs habt &#8211; dann nur her damit! titatoni Ohhh&#8230;Mhhh&#8230; was eigenes sodapop-design frauLIEBSTES Backbube tastesheriff a Beautyful Mess Fr\u00e4ulein Klein das Tuten der Schiffe 23 qm Stil my cooking love affair eine Prise Liebe [&hellip;]\" \/>\n<meta property=\"og:url\" content=\"https:\/\/www.ge-sagt.de\/index.php\/blogroll\/\" \/>\n<meta property=\"og:site_name\" content=\"ge-sagt.de\" \/>\n<meta property=\"article:modified_time\" content=\"2016-10-25T12:06:21+00:00\" \/>\n<script type=\"application\/ld+json\" class=\"yoast-schema-graph\">{\"@context\":\"https:\\\/\\\/schema.org\",\"@graph\":[{\"@type\":\"WebPage\",\"@id\":\"https:\\\/\\\/www.ge-sagt.de\\\/index.php\\\/blogroll\\\/\",\"url\":\"https:\\\/\\\/www.ge-sagt.de\\\/index.php\\\/blogroll\\\/\",\"name\":\"Blogroll - ge-sagt.de\",\"isPartOf\":{\"@id\":\"https:\\\/\\\/www.ge-sagt.de\\\/#website\"},\"datePublished\":\"2013-02-11T14:01:38+00:00\",\"dateModified\":\"2016-10-25T12:06:21+00:00\",\"breadcrumb\":{\"@id\":\"https:\\\/\\\/www.ge-sagt.de\\\/index.php\\\/blogroll\\\/#breadcrumb\"},\"inLanguage\":\"de\",\"potentialAction\":[{\"@type\":\"ReadAction\",\"target\":[\"https:\\\/\\\/www.ge-sagt.de\\\/index.php\\\/blogroll\\\/\"]}]},{\"@type\":\"BreadcrumbList\",\"@id\":\"https:\\\/\\\/www.ge-sagt.de\\\/index.php\\\/blogroll\\\/#breadcrumb\",\"itemListElement\":[{\"@type\":\"ListItem\",\"position\":1,\"name\":\"Home\",\"item\":\"https:\\\/\\\/www.ge-sagt.de\\\/\"},{\"@type\":\"ListItem\",\"position\":2,\"name\":\"Blogroll\"}]},{\"@type\":\"WebSite\",\"@id\":\"https:\\\/\\\/www.ge-sagt.de\\\/#website\",\"url\":\"https:\\\/\\\/www.ge-sagt.de\\\/\",\"name\":\"ge-sagt.de\",\"description\":\"Gesa denkt, sagt und tut auf diesem Blog\",\"potentialAction\":[{\"@type\":\"SearchAction\",\"target\":{\"@type\":\"EntryPoint\",\"urlTemplate\":\"https:\\\/\\\/www.ge-sagt.de\\\/?s={search_term_string}\"},\"query-input\":{\"@type\":\"PropertyValueSpecification\",\"valueRequired\":true,\"valueName\":\"search_term_string\"}}],\"inLanguage\":\"de\"}]}<\/script>\n<!-- \/ Yoast SEO plugin. -->","yoast_head_json":{"title":"Blogroll - ge-sagt.de","robots":{"index":"index","follow":"follow","max-snippet":"max-snippet:-1","max-image-preview":"max-image-preview:large","max-video-preview":"max-video-preview:-1"},"canonical":"https:\/\/www.ge-sagt.de\/index.php\/blogroll\/","og_locale":"de_DE","og_type":"article","og_title":"Blogroll - ge-sagt.de","og_description":"Das sind die Blogs, die ich selbst am liebsten Lese. Die Auflistung wird regelm\u00e4\u00dfig aktualisiert! Und wenn Ihr Tipps f\u00fcr tolle Blogs habt &#8211; dann nur her damit! titatoni Ohhh&#8230;Mhhh&#8230; was eigenes sodapop-design frauLIEBSTES Backbube tastesheriff a Beautyful Mess Fr\u00e4ulein Klein das Tuten der Schiffe 23 qm Stil my cooking love affair eine Prise Liebe [&hellip;]","og_url":"https:\/\/www.ge-sagt.de\/index.php\/blogroll\/","og_site_name":"ge-sagt.de","article_modified_time":"2016-10-25T12:06:21+00:00","schema":{"@context":"https:\/\/schema.org","@graph":[{"@type":"WebPage","@id":"https:\/\/www.ge-sagt.de\/index.php\/blogroll\/","url":"https:\/\/www.ge-sagt.de\/index.php\/blogroll\/","name":"Blogroll - ge-sagt.de","isPartOf":{"@id":"https:\/\/www.ge-sagt.de\/#website"},"datePublished":"2013-02-11T14:01:38+00:00","dateModified":"2016-10-25T12:06:21+00:00","breadcrumb":{"@id":"https:\/\/www.ge-sagt.de\/index.php\/blogroll\/#breadcrumb"},"inLanguage":"de","potentialAction":[{"@type":"ReadAction","target":["https:\/\/www.ge-sagt.de\/index.php\/blogroll\/"]}]},{"@type":"BreadcrumbList","@id":"https:\/\/www.ge-sagt.de\/index.php\/blogroll\/#breadcrumb","itemListElement":[{"@type":"ListItem","position":1,"name":"Home","item":"https:\/\/www.ge-sagt.de\/"},{"@type":"ListItem","position":2,"name":"Blogroll"}]},{"@type":"WebSite","@id":"https:\/\/www.ge-sagt.de\/#website","url":"https:\/\/www.ge-sagt.de\/","name":"ge-sagt.de","description":"Gesa denkt, sagt und tut auf diesem Blog","potentialAction":[{"@type":"SearchAction","target":{"@type":"EntryPoint","urlTemplate":"https:\/\/www.ge-sagt.de\/?s={search_term_string}"},"query-input":{"@type":"PropertyValueSpecification","valueRequired":true,"valueName":"search_term_string"}}],"inLanguage":"de"}]}},"jetpack_shortlink":"https:\/\/wp.me\/P3aAW4-B","jetpack_sharing_enabled":true,"_links":{"self":[{"href":"https:\/\/www.ge-sagt.de\/index.php\/wp-json\/wp\/v2\/pages\/37","targetHints":{"allow":["GET"]}}],"collection":[{"href":"https:\/\/www.ge-sagt.de\/index.php\/wp-json\/wp\/v2\/pages"}],"about":[{"href":"https:\/\/www.ge-sagt.de\/index.php\/wp-json\/wp\/v2\/types\/page"}],"author":[{"embeddable":true,"href":"https:\/\/www.ge-sagt.de\/index.php\/wp-json\/wp\/v2\/users\/1"}],"replies":[{"embeddable":true,"href":"https:\/\/www.ge-sagt.de\/index.php\/wp-json\/wp\/v2\/comments?post=37"}],"version-history":[{"count":12,"href":"https:\/\/www.ge-sagt.de\/index.php\/wp-json\/wp\/v2\/pages\/37\/revisions"}],"predecessor-version":[{"id":1838,"href":"https:\/\/www.ge-sagt.de\/index.php\/wp-json\/wp\/v2\/pages\/37\/revisions\/1838"}],"wp:attachment":[{"href":"https:\/\/www.ge-sagt.de\/index.php\/wp-json\/wp\/v2\/media?parent=37"}],"curies":[{"name":"wp","href":"https:\/\/api.w.org\/{rel}","templated":true}]}}